{"id":14,"date":"2024-02-28T19:25:52","date_gmt":"2024-02-28T19:25:52","guid":{"rendered":"https:\/\/ru.fmposgrado.unam.mx\/SIECS\/?page_id=14"},"modified":"2026-04-21T20:35:45","modified_gmt":"2026-04-21T20:35:45","slug":"inicio","status":"publish","type":"page","link":"https:\/\/ru.fmposgrado.unam.mx\/SIECS\/","title":{"rendered":"Inicio"},"content":{"rendered":"<p>[et_pb_section fb_built=\u00bb1&#8243; _builder_version=\u00bb4.25.0&#8243; _module_preset=\u00bbdefault\u00bb global_colors_info=\u00bb{}\u00bb][\/et_pb_section][et_pb_section fb_built=\u00bb1&#8243; _builder_version=\u00bb4.25.0&#8243; _module_preset=\u00bbdefault\u00bb global_colors_info=\u00bb{}\u00bb][et_pb_row _builder_version=\u00bb4.25.0&#8243; _module_preset=\u00bbdefault\u00bb global_colors_info=\u00bb{}\u00bb][et_pb_column type=\u00bb4_4&#8243; _builder_version=\u00bb4.25.0&#8243; _module_preset=\u00bbdefault\u00bb global_colors_info=\u00bb{}\u00bb][et_pb_video src=\u00bbhttps:\/\/youtu.be\/NMS3X95W_cw\u00bb _builder_version=\u00bb4.25.0&#8243; _module_preset=\u00bbdefault\u00bb global_colors_info=\u00bb{}\u00bb][\/et_pb_video][\/et_pb_column][\/et_pb_row][\/et_pb_section][et_pb_section fb_built=\u00bb1&#8243; _builder_version=\u00bb4.25.0&#8243; _module_preset=\u00bbdefault\u00bb global_colors_info=\u00bb{}\u00bb][et_pb_row _builder_version=\u00bb4.25.0&#8243; _module_preset=\u00bbdefault\u00bb global_colors_info=\u00bb{}\u00bb][et_pb_column type=\u00bb4_4&#8243; _builder_version=\u00bb4.25.0&#8243; _module_preset=\u00bbdefault\u00bb global_colors_info=\u00bb{}\u00bb][et_pb_blurb title=\u00bbIX Congreso Internacional de Educaci\u00f3n M\u00e9dica, VIII Congreso Internacional y III Congreso Nacional de Educaci\u00f3n M\u00e9dica.\u00bb image=\u00bbhttps:\/\/ru.fmposgrado.unam.mx\/SIECS\/wp-content\/uploads\/2026\/02\/WhatsApp-Image-2026-02-17-at-14.44.20.jpeg\u00bb _builder_version=\u00bb4.25.0&#8243; _module_preset=\u00bbdefault\u00bb global_colors_info=\u00bb{}\u00bb]<\/p>\n<p style=\"text-align: center;\">\u00a1A\u00fan est\u00e1s a tiempo! Tienes hasta el 2 de marzo para enviar tus ponencias y trabajos libres al IX Congreso Internacional de Educaci\u00f3n M\u00e9dica. \u00a1No dejes pasar la oportunidad!<\/p>\n<p>\ud83d\udd17 Bases y env\u00edo aqu\u00ed:<br \/><a href=\"https:\/\/revista.amfem.edu.mx\/ojs\/index.php\/ciem\/about\/submissions\">https:\/\/revista.amfem.edu.mx\/ojs\/index.php\/ciem\/about\/submissions<\/a><\/p>\n<p>#CIEM2026 #AMFEM #Educaci\u00f3nM\u00e9dica #Investigaci\u00f3nM\u00e9dica #CongresoInternacional<\/p>\n<p>&nbsp;<\/p>\n<p>&nbsp;<\/p>\n<p>[\/et_pb_blurb][\/et_pb_column][\/et_pb_row][\/et_pb_section][et_pb_section fb_built=\u00bb1&#8243; _builder_version=\u00bb4.25.0&#8243; _module_preset=\u00bbdefault\u00bb global_colors_info=\u00bb{}\u00bb][et_pb_row _builder_version=\u00bb4.25.0&#8243; _module_preset=\u00bbdefault\u00bb global_colors_info=\u00bb{}\u00bb][et_pb_column type=\u00bb4_4&#8243; _builder_version=\u00bb4.25.0&#8243; _module_preset=\u00bbdefault\u00bb global_colors_info=\u00bb{}\u00bb][et_pb_blurb title=\u00bbIX Congreso Internacional de Educaci\u00f3n M\u00e9dica, VIII Congreso Internacional y III Congreso Nacional de Educaci\u00f3n M\u00e9dica.\u00bb image=\u00bbhttps:\/\/ru.fmposgrado.unam.mx\/SIECS\/wp-content\/uploads\/2026\/01\/WhatsApp-Image-2026-01-16-at-13.03.33.jpeg\u00bb _builder_version=\u00bb4.25.0&#8243; _module_preset=\u00bbdefault\u00bb global_colors_info=\u00bb{}\u00bb]<\/p>\n<p>&nbsp;<\/p>\n<h3>Si has implementado buenas pr\u00e1cticas, desarrollado prototipos tecnol\u00f3gicos o aplicado estrategias pedag\u00f3gicas con resultados tangibles, la AMFEM quiere conocer tu experiencia en el IX Congreso Internacional de Educaci\u00f3n M\u00e9dica, VIII Congreso Internacional y III Congreso Nacional de Educaci\u00f3n M\u00e9dica.<\/h3>\n<h3>Participa en la modalidad de Ponencias sobre Experiencias Innovadoras.<br \/>\u00bfQu\u00e9 tipo de trabajos buscamos?<br \/>\u2705 Intervenciones pedag\u00f3gicas exitosas.<br \/>\u2705 Uso de Inteligencia Artificial y tecnolog\u00edas emergentes en el aula.<br \/>\u2705 Simuladores, prototipos y herramientas digitales.<br \/>\u2705 Modelos de gesti\u00f3n educativa con impacto demostrado.<\/h3>\n<h3>\ud83c\udfc6 \u00bfPor qu\u00e9 participar?<\/h3>\n<h3>Muestra tu trabajo al mundo y compite por el Premio AMFEM a la Innovaci\u00f3n Educativa (1er Lugar).<\/h3>\n<h3>Los trabajos con calificaci\u00f3n m\u00e1xima podr\u00e1n ser publicados en el Libro con ISBN: \u00abConstruyendo el futuro de la salud desde la educaci\u00f3n m\u00e9dica\u00bb.<\/h3>\n<h3>\ud83d\udcc5 Fechas Clave:<br \/>\u26a0\ufe0f Cierre de convocatoria: 16 de febrero de 2026.<br \/>\ud83d\udccd Sede: Centro Internacional de Congresos de M\u00e9rida, Yucat\u00e1n.<\/h3>\n<h3>\ud83d\udc49 Consulta la convocatoria y sube tu propuesta aqu\u00ed:<\/h3>\n<h3><a href=\"https:\/\/www.amfem.edu.mx\/\">https:\/\/www.amfem.edu.mx\/<\/a><\/h3>\n<p>&nbsp;<\/p>\n<p>[\/et_pb_blurb][\/et_pb_column][\/et_pb_row][\/et_pb_section][et_pb_section fb_built=\u00bb1&#8243; module_id=\u00bbsesiones\u00bb _builder_version=\u00bb4.24.2&#8243; background_color=\u00bb#FFFFFF\u00bb background_image=\u00bbhttps:\/\/ru.fmposgrado.unam.mx\/SIECS\/wp-content\/uploads\/2024\/03\/LOGO-SIECS.png\u00bb parallax=\u00bbon\u00bb custom_margin=\u00bb||-4px||false|\u00bb custom_margin_tablet=\u00bb\u00bb custom_margin_phone=\u00bb||0px|\u00bb custom_margin_last_edited=\u00bbon|phone\u00bb custom_padding=\u00bb0px||81px||false|false\u00bb global_colors_info=\u00bb{}\u00bb][et_pb_row _builder_version=\u00bb4.24.3&#8243; _module_preset=\u00bbdefault\u00bb global_colors_info=\u00bb{}\u00bb][et_pb_column type=\u00bb4_4&#8243; _builder_version=\u00bb4.24.3&#8243; _module_preset=\u00bbdefault\u00bb global_colors_info=\u00bb{}\u00bb][et_pb_text _builder_version=\u00bb4.24.2&#8243; ul_font=\u00bb||||||||\u00bb ol_font=\u00bb||||||||\u00bb header_font=\u00bb||||||||\u00bb header_text_color=\u00bb#FFFFFF\u00bb header_2_font=\u00bbRaleway|700|||||||\u00bb header_2_text_align=\u00bbcenter\u00bb header_2_font_size=\u00bb56px\u00bb header_2_line_height=\u00bb1.2em\u00bb custom_margin=\u00bb20px||-3px|||\u00bb header_2_font_size_tablet=\u00bb36px\u00bb header_2_font_size_phone=\u00bb\u00bb header_2_font_size_last_edited=\u00bbon|phone\u00bb global_colors_info=\u00bb{}\u00bb]<\/p>\n<h2>Sesiones recientes<\/h2>\n<p>[\/et_pb_text][et_pb_blog fullwidth=\u00bboff\u00bb posts_number=\u00bb3&#8243; show_author=\u00bboff\u00bb show_date=\u00bboff\u00bb show_categories=\u00bboff\u00bb show_excerpt=\u00bboff\u00bb _builder_version=\u00bb4.24.3&#8243; _module_preset=\u00bbdefault\u00bb header_text_align=\u00bbcenter\u00bb header_text_color=\u00bb#252A5D\u00bb header_font_size=\u00bb17px\u00bb background_color=\u00bbRGBA(255,255,255,0)\u00bb border_radii=\u00bbon|10px|10px|10px|10px\u00bb border_width_all=\u00bb0px\u00bb box_shadow_style=\u00bbpreset2&#8243; global_colors_info=\u00bb{}\u00bb][\/et_pb_blog][\/et_pb_column][\/et_pb_row][et_pb_row _builder_version=\u00bb4.24.2&#8243; _module_preset=\u00bbdefault\u00bb background_color=\u00bb#252A5D\u00bb custom_margin=\u00bb43px|auto||auto||\u00bb custom_padding=\u00bb40px|30px|40px|30px|false|false\u00bb border_radii=\u00bbon|20px|20px|20px|20px\u00bb global_colors_info=\u00bb{}\u00bb][et_pb_column type=\u00bb4_4&#8243; _builder_version=\u00bb4.24.2&#8243; _module_preset=\u00bbdefault\u00bb global_colors_info=\u00bb{}\u00bb][et_pb_text _builder_version=\u00bb4.24.2&#8243; _module_preset=\u00bbdefault\u00bb text_font=\u00bb|600|||||||\u00bb text_text_color=\u00bb#FFFFFF\u00bb text_font_size=\u00bb15px\u00bb text_orientation=\u00bbcenter\u00bb global_colors_info=\u00bb{}\u00bb]<\/p>\n<p>Las sesiones se llevan a cabo mensualmente en los auditorios de la Facultad de Medicina de la UNAM. Los primeros 45 minutos las y los expositores presentan su trabajo, posteriormente en los 45 minutos restantes se abre un di\u00e1logo con los participantes para el intercambio de experiencias, de comentarios, de preguntas, de observaciones y de dudas.<\/p>\n<p>Para las personas que no acudan de manera presencial, el SIECS se transmite por la plataforma de videoconferencia Zoom, as\u00ed como por el<\/p>\n<p><span style=\"color: #ffff99;\"><a href=\"https:\/\/www.facebook.com\/siecs.facmed.unam\" target=\"_blank\" rel=\"noopener\" style=\"color: #ffff99;\">https:\/\/www.facebook.com\/siecs.facmed.unam<\/a><\/span><\/p>\n<p>[\/et_pb_text][\/et_pb_column][\/et_pb_row][\/et_pb_section][et_pb_section fb_built=\u00bb1&#8243; custom_padding_last_edited=\u00bboff|desktop\u00bb admin_label=\u00bbAbout Section\u00bb module_id=\u00bbacerca\u00bb _builder_version=\u00bb4.24.2&#8243; background_color=\u00bb#edf1f4&#8243; max_width=\u00bb100%\u00bb module_alignment=\u00bbright\u00bb custom_margin=\u00bb||-5px|||\u00bb custom_padding_tablet=\u00bb||120px|\u00bb global_colors_info=\u00bb{}\u00bb][et_pb_row column_structure=\u00bb2_3,1_3&#8243; _builder_version=\u00bb4.16&#8243; custom_padding=\u00bb|||\u00bb animation_style=\u00bbslide\u00bb animation_direction=\u00bbright\u00bb animation_intensity_slide=\u00bb1%\u00bb locked=\u00bboff\u00bb global_colors_info=\u00bb{}\u00bb][et_pb_column type=\u00bb2_3&#8243; _builder_version=\u00bb4.16&#8243; custom_padding=\u00bb|||\u00bb global_colors_info=\u00bb{}\u00bb custom_padding__hover=\u00bb|||\u00bb][et_pb_text _builder_version=\u00bb4.24.2&#8243; text_font=\u00bb||||||||\u00bb header_font=\u00bb||||||||\u00bb header_2_font=\u00bbRaleway|700|||||||\u00bb header_2_font_size=\u00bb56px\u00bb header_2_line_height=\u00bb1.4em\u00bb custom_margin=\u00bb||20px|\u00bb header_2_font_size_tablet=\u00bb36px\u00bb header_2_font_size_phone=\u00bb\u00bb header_2_font_size_last_edited=\u00bbon|desktop\u00bb global_colors_info=\u00bb{}\u00bb]<\/p>\n<h2>Acerca del Seminario<\/h2>\n<p>[\/et_pb_text][et_pb_divider color=\u00bb#2197B7&#8243; divider_weight=\u00bb3px\u00bb _builder_version=\u00bb4.24.2&#8243; max_width=\u00bb50px\u00bb global_colors_info=\u00bb{}\u00bb][\/et_pb_divider][et_pb_text _builder_version=\u00bb4.24.2&#8243; text_font=\u00bbPoppins||||||||\u00bb text_font_size=\u00bb16px\u00bb text_line_height=\u00bb1.8em\u00bb global_colors_info=\u00bb{}\u00bb]<\/p>\n<p>En M\u00e9xico la investigaci\u00f3n educativa en las Ciencias de la Salud se encuentra todav\u00eda en proceso de consolidaci\u00f3n. Sus inicios datan de la d\u00e9cada de los 80\u00b4s, para contribuir a su desarrollo se requiere promover con mayor fuerza la formaci\u00f3n de nuevos investigadores, crear espacios de reflexi\u00f3n cr\u00edtica de las demandas educativas del contexto actual que lleven a innovar y transformar la formaci\u00f3n de profesionales en las disciplinas de la salud.<\/p>\n<p>El prop\u00f3sito del seminario es crear una red de difusi\u00f3n, colaboraci\u00f3n e intercambio de experiencias en investigaci\u00f3n en educaci\u00f3n en Ciencias de la Salud, con el fin de incrementar e impulsar la calidad de la investigaci\u00f3n educativa en dicho campo de conocimiento. Las sesiones permiten la reflexi\u00f3n cr\u00edtica de los trabajos de investigaci\u00f3n que se presentan. Durante el seminario se generan encuentros entre docentes, acad\u00e9micos, investigadores consolidados y noveles para realimentar las exposiciones; y de esta manera contribuir en el desarrollo de la investigaci\u00f3n educativa.<\/p>\n<p>[\/et_pb_text][et_pb_button button_url=\u00bbhttps:\/\/ru.fmposgrado.unam.mx\/SIECS\/registro\u00bb url_new_window=\u00bbon\u00bb button_text=\u00bbRegistro \u00bb _builder_version=\u00bb4.24.2&#8243; custom_button=\u00bbon\u00bb button_text_size=\u00bb14px\u00bb button_text_color=\u00bb#FFFFFF\u00bb button_bg_color=\u00bb#2197B7&#8243; button_border_width=\u00bb12px\u00bb button_border_color=\u00bb#2197B7&#8243; button_letter_spacing=\u00bb2px\u00bb button_font=\u00bbPoppins|600||on|||||\u00bb button_icon=\u00bb&#x24;||divi||400&#8243; background_layout=\u00bbdark\u00bb animation_style=\u00bbslide\u00bb animation_direction=\u00bbtop\u00bb animation_intensity_slide=\u00bb20%\u00bb locked=\u00bboff\u00bb global_colors_info=\u00bb{}\u00bb button_text_size__hover_enabled=\u00bboff\u00bb button_one_text_size__hover_enabled=\u00bboff\u00bb button_two_text_size__hover_enabled=\u00bboff\u00bb button_text_color__hover_enabled=\u00bboff\u00bb button_one_text_color__hover_enabled=\u00bboff\u00bb button_two_text_color__hover_enabled=\u00bboff\u00bb button_border_width__hover_enabled=\u00bboff\u00bb button_one_border_width__hover_enabled=\u00bboff\u00bb button_two_border_width__hover_enabled=\u00bboff\u00bb button_border_color__hover_enabled=\u00bboff\u00bb button_one_border_color__hover_enabled=\u00bboff\u00bb button_two_border_color__hover_enabled=\u00bboff\u00bb button_border_radius__hover_enabled=\u00bboff\u00bb button_one_border_radius__hover_enabled=\u00bboff\u00bb button_two_border_radius__hover_enabled=\u00bboff\u00bb button_letter_spacing__hover_enabled=\u00bboff\u00bb button_one_letter_spacing__hover_enabled=\u00bboff\u00bb button_two_letter_spacing__hover_enabled=\u00bboff\u00bb button_bg_color__hover_enabled=\u00bboff\u00bb button_one_bg_color__hover_enabled=\u00bboff\u00bb button_two_bg_color__hover_enabled=\u00bboff\u00bb][\/et_pb_button][\/et_pb_column][et_pb_column type=\u00bb1_3&#8243; _builder_version=\u00bb4.16&#8243; custom_padding=\u00bb|||\u00bb global_colors_info=\u00bb{}\u00bb custom_padding__hover=\u00bb|||\u00bb][et_pb_image src=\u00bbhttps:\/\/ru.fmposgrado.unam.mx\/SIECS\/wp-content\/uploads\/2024\/02\/LOGO-SIECS.png\u00bb title_text=\u00bbLOGO SIECS\u00bb align_tablet=\u00bbcenter\u00bb align_phone=\u00bbcenter\u00bb align_last_edited=\u00bbon|desktop\u00bb _builder_version=\u00bb4.24.2&#8243; max_width_tablet=\u00bb300px\u00bb max_width_phone=\u00bb\u00bb max_width_last_edited=\u00bbon|tablet\u00bb custom_margin=\u00bb|-40%||\u00bb custom_margin_tablet=\u00bb|0%||\u00bb custom_margin_phone=\u00bb\u00bb custom_margin_last_edited=\u00bbon|phone\u00bb animation_style=\u00bbroll\u00bb animation_delay=\u00bb50ms\u00bb animation_intensity_roll=\u00bb15%\u00bb global_colors_info=\u00bb{}\u00bb][\/et_pb_image][\/et_pb_column][\/et_pb_row][\/et_pb_section][et_pb_section fb_built=\u00bb1&#8243; _builder_version=\u00bb4.25.0&#8243; _module_preset=\u00bbdefault\u00bb background_color=\u00bb#ffffff\u00bb custom_padding=\u00bb||47px|||\u00bb global_colors_info=\u00bb{}\u00bb][et_pb_row _builder_version=\u00bb4.25.0&#8243; _module_preset=\u00bbdefault\u00bb global_colors_info=\u00bb{}\u00bb][et_pb_column type=\u00bb4_4&#8243; _builder_version=\u00bb4.25.0&#8243; _module_preset=\u00bbdefault\u00bb global_colors_info=\u00bb{}\u00bb][et_pb_text _builder_version=\u00bb4.25.0&#8243; _module_preset=\u00bbdefault\u00bb header_font=\u00bb|600|||||||\u00bb header_text_align=\u00bbcenter\u00bb header_text_color=\u00bb#252A5D\u00bb global_colors_info=\u00bb{}\u00bb]<\/p>\n<h1>Instituciones participantes\u00a0<\/h1>\n<p>[\/et_pb_text][\/et_pb_column][\/et_pb_row][et_pb_row _builder_version=\u00bb4.25.0&#8243; _module_preset=\u00bbdefault\u00bb custom_padding=\u00bb5px|||||\u00bb global_colors_info=\u00bb{}\u00bb][et_pb_column type=\u00bb4_4&#8243; _builder_version=\u00bb4.25.0&#8243; _module_preset=\u00bbdefault\u00bb global_colors_info=\u00bb{}\u00bb][dica_divi_carousel show_items_desktop=\u00bb9&#8243; show_items_mobile=\u00bb2&#8243; item_vertical_align=\u00bbcenter\u00bb advanced_effect=\u00bb1&#8243; _builder_version=\u00bb4.25.0&#8243; _module_preset=\u00bbdefault\u00bb custom_padding=\u00bb36px|||||\u00bb global_colors_info=\u00bb{}\u00bb][dica_divi_carouselitem button_url_new_window=\u00bb1&#8243; image=\u00bbhttps:\/\/ru.fmposgrado.unam.mx\/SIECS\/wp-content\/uploads\/2024\/05\/Ciencia-forense.png\u00bb _builder_version=\u00bb4.25.0&#8243; _module_preset=\u00bbdefault\u00bb global_colors_info=\u00bb{}\u00bb][\/dica_divi_carouselitem][dica_divi_carouselitem button_url_new_window=\u00bb1&#8243; image=\u00bbhttps:\/\/ru.fmposgrado.unam.mx\/SIECS\/wp-content\/uploads\/2024\/05\/academia-nacional.png\u00bb _builder_version=\u00bb4.25.0&#8243; _module_preset=\u00bbdefault\u00bb global_colors_info=\u00bb{}\u00bb][\/dica_divi_carouselitem][dica_divi_carouselitem button_url_new_window=\u00bb1&#8243; image=\u00bbhttps:\/\/ru.fmposgrado.unam.mx\/SIECS\/wp-content\/uploads\/2024\/05\/bienestar.png\u00bb _builder_version=\u00bb4.25.0&#8243; _module_preset=\u00bbdefault\u00bb global_colors_info=\u00bb{}\u00bb][\/dica_divi_carouselitem][dica_divi_carouselitem button_url_new_window=\u00bb1&#8243; image=\u00bbhttps:\/\/ru.fmposgrado.unam.mx\/SIECS\/wp-content\/uploads\/2024\/05\/amfem23.png\u00bb _builder_version=\u00bb4.25.0&#8243; _module_preset=\u00bbdefault\u00bb global_colors_info=\u00bb{}\u00bb][\/dica_divi_carouselitem][dica_divi_carouselitem button_url_new_window=\u00bb1&#8243; image=\u00bbhttps:\/\/ru.fmposgrado.unam.mx\/SIECS\/wp-content\/uploads\/2024\/05\/odontologia.png\u00bb _builder_version=\u00bb4.25.0&#8243; _module_preset=\u00bbdefault\u00bb global_colors_info=\u00bb{}\u00bb][\/dica_divi_carouselitem][dica_divi_carouselitem button_url_new_window=\u00bb1&#8243; _builder_version=\u00bb4.25.0&#8243; _module_preset=\u00bbdefault\u00bb global_colors_info=\u00bb{}\u00bb]<\/p>\n<p><img loading=\"lazy\" decoding=\"async\" src=\"https:\/\/ru.fmposgrado.unam.mx\/SIECS\/wp-content\/uploads\/2024\/06\/UnivPanamFacMed-150x150.png\" width=\"81\" height=\"81\" alt=\"\" class=\"wp-image-311 alignnone size-thumbnail\" \/><\/p>\n<p>[\/dica_divi_carouselitem][dica_divi_carouselitem button_url_new_window=\u00bb1&#8243; _builder_version=\u00bb4.25.0&#8243; _module_preset=\u00bbdefault\u00bb global_colors_info=\u00bb{}\u00bb]<\/p>\n<p><img loading=\"lazy\" decoding=\"async\" src=\"https:\/\/ru.fmposgrado.unam.mx\/SIECS\/wp-content\/uploads\/2025\/01\/WhatsApp-Image-2025-01-10-at-1.10.15-PM-150x150.jpeg\" width=\"80\" height=\"80\" alt=\"\" class=\"wp-image-530 alignnone size-thumbnail\" \/><\/p>\n<p>[\/dica_divi_carouselitem][dica_divi_carouselitem button_url_new_window=\u00bb1&#8243; _builder_version=\u00bb4.25.0&#8243; _module_preset=\u00bbdefault\u00bb global_colors_info=\u00bb{}\u00bb]<\/p>\n<p><img loading=\"lazy\" decoding=\"async\" src=\"https:\/\/ru.fmposgrado.unam.mx\/SIECS\/wp-content\/uploads\/2025\/01\/Fisioterapia-300x117.jpeg\" width=\"174\" height=\"68\" alt=\"\" class=\"wp-image-575 alignnone size-medium\" \/><\/p>\n<p>[\/dica_divi_carouselitem][dica_divi_carouselitem button_url_new_window=\u00bb1&#8243; _builder_version=\u00bb4.25.0&#8243; _module_preset=\u00bbdefault\u00bb global_colors_info=\u00bb{}\u00bb]<\/p>\n<p><img loading=\"lazy\" decoding=\"async\" src=\"https:\/\/ru.fmposgrado.unam.mx\/SIECS\/wp-content\/uploads\/2025\/09\/UABC-150x150.png\" width=\"77\" height=\"77\" alt=\"\" class=\"wp-image-760 alignnone size-thumbnail\" \/><\/p>\n<p>[\/dica_divi_carouselitem][\/dica_divi_carousel][\/et_pb_column][\/et_pb_row][\/et_pb_section][et_pb_section fb_built=\u00bb1&#8243; _builder_version=\u00bb4.25.0&#8243; background_color=\u00bb#f2f2f2&#8243; custom_padding=\u00bb0|0px|0px|0px|false|false\u00bb global_colors_info=\u00bb{}\u00bb][et_pb_row column_structure=\u00bb1_2,1_2&#8243; _builder_version=\u00bb4.16&#8243; custom_padding=\u00bb0|0px|0px|0px|false|false\u00bb global_colors_info=\u00bb{}\u00bb][et_pb_column type=\u00bb1_2&#8243; _builder_version=\u00bb4.16&#8243; custom_padding=\u00bb|||\u00bb global_colors_info=\u00bb{}\u00bb custom_padding__hover=\u00bb|||\u00bb][et_pb_image src=\u00bbhttps:\/\/ru.fmposgrado.unam.mx\/SIECS\/wp-content\/uploads\/2024\/02\/job_recruitement_12.png\u00bb show_bottom_space=\u00bboff\u00bb align_tablet=\u00bbcenter\u00bb align_phone=\u00bbcenter\u00bb align_last_edited=\u00bbon|desktop\u00bb _builder_version=\u00bb4.24.2&#8243; max_width_tablet=\u00bb300px\u00bb max_width_phone=\u00bb\u00bb max_width_last_edited=\u00bbon|tablet\u00bb custom_margin=\u00bb80px|||-20%\u00bb custom_margin_tablet=\u00bb0px|||0px\u00bb custom_margin_phone=\u00bb\u00bb custom_margin_last_edited=\u00bbon|desktop\u00bb filter_hue_rotate=\u00bb299deg\u00bb filter_saturate=\u00bb59%\u00bb animation_style=\u00bbslide\u00bb animation_direction=\u00bbleft\u00bb animation_intensity_slide=\u00bb6%\u00bb locked=\u00bboff\u00bb global_colors_info=\u00bb{}\u00bb][\/et_pb_image][\/et_pb_column][et_pb_column type=\u00bb1_2&#8243; _builder_version=\u00bb4.16&#8243; custom_padding=\u00bb||40px|\u00bb global_colors_info=\u00bb{}\u00bb custom_padding__hover=\u00bb|||\u00bb][et_pb_text _builder_version=\u00bb4.24.2&#8243; header_font=\u00bb||||||||\u00bb header_2_font=\u00bbRaleway|700|||||||\u00bb header_2_font_size=\u00bb56px\u00bb header_2_line_height=\u00bb1.2em\u00bb custom_margin=\u00bb||20px|\u00bb custom_padding=\u00bb120px|||||\u00bb header_2_font_size_tablet=\u00bb36px\u00bb header_2_font_size_phone=\u00bb\u00bb header_2_font_size_last_edited=\u00bbon|desktop\u00bb global_colors_info=\u00bb{}\u00bb]<\/p>\n<h2>Registrate para obtener tu constancia\u00a0<\/h2>\n<p>[\/et_pb_text][et_pb_divider color=\u00bb#2197B7&#8243; divider_weight=\u00bb3px\u00bb _builder_version=\u00bb4.24.2&#8243; max_width=\u00bb50px\u00bb global_colors_info=\u00bb{}\u00bb][\/et_pb_divider][et_pb_text _builder_version=\u00bb4.24.2&#8243; _module_preset=\u00bbdefault\u00bb text_font=\u00bb|600|||||||\u00bb text_font_size=\u00bb19px\u00bb global_colors_info=\u00bb{}\u00bb]<\/p>\n<p>El seminario otorga constancia anual en los meses de enero, su constancia indicar\u00e1 el n\u00famero de asistencias al evento.<\/p>\n<p>[\/et_pb_text][et_pb_button button_url=\u00bbhttps:\/\/ru.fmposgrado.unam.mx\/SIECS\/registro\/login.php\u00bb url_new_window=\u00bbon\u00bb button_text=\u00bbRegistro\u00bb _builder_version=\u00bb4.24.3&#8243; custom_button=\u00bbon\u00bb button_text_size=\u00bb14px\u00bb button_text_color=\u00bb#FFFFFF\u00bb button_bg_color=\u00bb#2197B7&#8243; button_border_width=\u00bb12px\u00bb button_border_color=\u00bb#2197B7&#8243; button_letter_spacing=\u00bb2px\u00bb button_font=\u00bbPoppins|600||on|||||\u00bb button_icon=\u00bb&#x24;||divi||400&#8243; background_layout=\u00bbdark\u00bb animation_style=\u00bbslide\u00bb animation_direction=\u00bbtop\u00bb animation_intensity_slide=\u00bb20%\u00bb locked=\u00bboff\u00bb global_colors_info=\u00bb{}\u00bb button_text_size__hover_enabled=\u00bboff\u00bb button_one_text_size__hover_enabled=\u00bboff\u00bb button_two_text_size__hover_enabled=\u00bboff\u00bb button_text_color__hover_enabled=\u00bboff\u00bb button_one_text_color__hover_enabled=\u00bboff\u00bb button_two_text_color__hover_enabled=\u00bboff\u00bb button_border_width__hover_enabled=\u00bboff\u00bb button_one_border_width__hover_enabled=\u00bboff\u00bb button_two_border_width__hover_enabled=\u00bboff\u00bb button_border_color__hover_enabled=\u00bboff\u00bb button_one_border_color__hover_enabled=\u00bboff\u00bb button_two_border_color__hover_enabled=\u00bboff\u00bb button_border_radius__hover_enabled=\u00bboff\u00bb button_one_border_radius__hover_enabled=\u00bboff\u00bb button_two_border_radius__hover_enabled=\u00bboff\u00bb button_letter_spacing__hover_enabled=\u00bboff\u00bb button_one_letter_spacing__hover_enabled=\u00bboff\u00bb button_two_letter_spacing__hover_enabled=\u00bboff\u00bb button_bg_color__hover_enabled=\u00bboff\u00bb button_one_bg_color__hover_enabled=\u00bboff\u00bb button_two_bg_color__hover_enabled=\u00bboff\u00bb][\/et_pb_button][\/et_pb_column][\/et_pb_row][\/et_pb_section][et_pb_section fb_built=\u00bb1&#8243; module_id=\u00bbcontacto\u00bb _builder_version=\u00bb4.24.2&#8243; _module_preset=\u00bbdefault\u00bb background_color=\u00bb#252A5D\u00bb global_colors_info=\u00bb{}\u00bb][et_pb_row _builder_version=\u00bb4.24.2&#8243; _module_preset=\u00bbdefault\u00bb min_height=\u00bb166.8px\u00bb custom_padding=\u00bb52px|||||\u00bb global_colors_info=\u00bb{}\u00bb][et_pb_column type=\u00bb4_4&#8243; _builder_version=\u00bb4.24.2&#8243; _module_preset=\u00bbdefault\u00bb global_colors_info=\u00bb{}\u00bb][et_pb_text _builder_version=\u00bb4.24.2&#8243; _module_preset=\u00bbdefault\u00bb text_font=\u00bb|600|||||||\u00bb text_text_color=\u00bb#FFFFFF\u00bb text_font_size=\u00bb25px\u00bb header_font=\u00bb|600|||||||\u00bb header_text_color=\u00bb#FFFFFF\u00bb header_letter_spacing=\u00bb12px\u00bb header_line_height=\u00bb1.1em\u00bb text_orientation=\u00bbcenter\u00bb custom_margin=\u00bb||46px|||\u00bb global_colors_info=\u00bb{}\u00bb]<\/p>\n<h1>CONTACTO<\/h1>\n<p class=\"p1\"><i><\/i><\/p>\n<p class=\"p1\"><i>siecs@fmposgrado.unam.mx<\/i><\/p>\n<p>[\/et_pb_text][\/et_pb_column][\/et_pb_row][\/et_pb_section]<\/p>\n","protected":false},"excerpt":{"rendered":"<p>\u00a1A\u00fan est\u00e1s a tiempo! Tienes hasta el 2 de marzo para enviar tus ponencias y trabajos libres al IX Congreso Internacional de Educaci\u00f3n M\u00e9dica. \u00a1No dejes pasar la oportunidad! \ud83d\udd17 Bases y env\u00edo aqu\u00ed:https:\/\/revista.amfem.edu.mx\/ojs\/index.php\/ciem\/about\/submissions #CIEM2026 #AMFEM #Educaci\u00f3nM\u00e9dica #Investigaci\u00f3nM\u00e9dica #CongresoInternacional &nbsp; &nbsp;&nbsp; Si has implementado buenas pr\u00e1cticas, desarrollado prototipos tecnol\u00f3gicos o aplicado estrategias pedag\u00f3gicas con resultados [&hellip;]<\/p>\n","protected":false},"author":3,"featured_media":0,"parent":0,"menu_order":0,"comment_status":"closed","ping_status":"closed","template":"","meta":{"_et_pb_use_builder":"on","_et_pb_old_content":"","_et_gb_content_width":"","footnotes":""},"class_list":["post-14","page","type-page","status-publish","hentry"],"jetpack_sharing_enabled":true,"_links":{"self":[{"href":"https:\/\/ru.fmposgrado.unam.mx\/SIECS\/index.php?rest_route=\/wp\/v2\/pages\/14","targetHints":{"allow":["GET"]}}],"collection":[{"href":"https:\/\/ru.fmposgrado.unam.mx\/SIECS\/index.php?rest_route=\/wp\/v2\/pages"}],"about":[{"href":"https:\/\/ru.fmposgrado.unam.mx\/SIECS\/index.php?rest_route=\/wp\/v2\/types\/page"}],"author":[{"embeddable":true,"href":"https:\/\/ru.fmposgrado.unam.mx\/SIECS\/index.php?rest_route=\/wp\/v2\/users\/3"}],"replies":[{"embeddable":true,"href":"https:\/\/ru.fmposgrado.unam.mx\/SIECS\/index.php?rest_route=%2Fwp%2Fv2%2Fcomments&post=14"}],"version-history":[{"count":206,"href":"https:\/\/ru.fmposgrado.unam.mx\/SIECS\/index.php?rest_route=\/wp\/v2\/pages\/14\/revisions"}],"predecessor-version":[{"id":944,"href":"https:\/\/ru.fmposgrado.unam.mx\/SIECS\/index.php?rest_route=\/wp\/v2\/pages\/14\/revisions\/944"}],"wp:attachment":[{"href":"https:\/\/ru.fmposgrado.unam.mx\/SIECS\/index.php?rest_route=%2Fwp%2Fv2%2Fmedia&parent=14"}],"curies":[{"name":"wp","href":"https:\/\/api.w.org\/{rel}","templated":true}]}}